{"id":814,"date":"2025-10-31T16:42:06","date_gmt":"2025-10-31T08:42:06","guid":{"rendered":"https:\/\/chunmu.cc\/?page_id=814"},"modified":"2025-12-27T10:21:49","modified_gmt":"2025-12-27T02:21:49","slug":"about-shipping","status":"publish","type":"page","link":"https:\/\/chunmu.cc\/fr\/a-propos-de-lexpedition\/","title":{"rendered":"\u00c0 propos de la livraison"},"content":{"rendered":"<div data-elementor-type=\"wp-page\" data-elementor-id=\"814\" class=\"elementor elementor-814\" data-elementor-post-type=\"page\">\n\t\t\t\t<div class=\"elementor-element elementor-element-18faab0 e-con-full e-flex e-con e-parent\" data-id=\"18faab0\" data-element_type=\"container\">\n\t\t\t\t<div class=\"elementor-element elementor-element-e202501 elementor-widget elementor-widget-image\" data-id=\"e202501\" data-element_type=\"widget\" data-widget_type=\"image.default\">\n\t\t\t\t<div class=\"elementor-widget-container\">\n\t\t\t\t\t\t\t\t\t\t\t\t\t\t\t<img fetchpriority=\"high\" decoding=\"async\" width=\"1920\" height=\"500\" src=\"https:\/\/chunmu.cc\/wp-content\/smush-webp\/2025\/10\/sheet-metal-parts-shipping.jpeg.webp\" class=\"attachment-full size-full wp-image-816\" alt=\"A propos de l&#039;exp\u00e9dition - machine d&#039;extrusion de produits alimentaires souffl\u00e9s\" srcset=\"https:\/\/chunmu.cc\/wp-content\/smush-webp\/2025\/10\/sheet-metal-parts-shipping.jpeg.webp 1920w, https:\/\/chunmu.cc\/wp-content\/smush-webp\/2025\/10\/sheet-metal-parts-shipping-300x78.jpeg.webp 300w, https:\/\/chunmu.cc\/wp-content\/smush-webp\/2025\/10\/sheet-metal-parts-shipping-1024x267.jpeg.webp 1024w, https:\/\/chunmu.cc\/wp-content\/smush-webp\/2025\/10\/sheet-metal-parts-shipping-768x200.jpeg.webp 768w, https:\/\/chunmu.cc\/wp-content\/smush-webp\/2025\/10\/sheet-metal-parts-shipping-1536x400.jpeg.webp 1536w, https:\/\/chunmu.cc\/wp-content\/uploads\/2025\/10\/sheet-metal-parts-shipping-18x5.jpeg 18w\" sizes=\"(max-width: 1920px) 100vw, 1920px\" \/>\t\t\t\t\t\t\t\t\t\t\t\t\t\t\t<\/div>\n\t\t\t\t<\/div>\n\t\t\t\t<\/div>\n\t\t<div class=\"elementor-element elementor-element-d9fd368 e-flex e-con-boxed e-con e-parent\" data-id=\"d9fd368\" data-element_type=\"container\" data-settings=\"{&quot;background_background&quot;:&quot;classic&quot;}\">\n\t\t\t\t\t<div class=\"e-con-inner\">\n\t\t\t\t<div class=\"elementor-element elementor-element-42bd27a elementor-widget elementor-widget-heading\" data-id=\"42bd27a\" data-element_type=\"widget\" data-widget_type=\"heading.default\">\n\t\t\t\t<div class=\"elementor-widget-container\">\n\t\t\t\t\t<h2 class=\"elementor-heading-title elementor-size-default\">Comment nous exp\u00e9dions notre ligne de production\n<\/h2>\t\t\t\t<\/div>\n\t\t\t\t<\/div>\n\t\t\t\t<div class=\"elementor-element elementor-element-0852ab1 elementor-widget elementor-widget-text-editor\" data-id=\"0852ab1\" data-element_type=\"widget\" data-widget_type=\"text-editor.default\">\n\t\t\t\t<div class=\"elementor-widget-container\">\n\t\t\t\t\t\t\t\t\t<p>Chez CHUNMU, si le client n'indique pas qu'il a besoin d'un emballage en caisse en bois, nous utiliserons un film plastique pour l'emballage et le fixerons \u00e0 l'aide de palettes. Si le client a besoin d'un emballage en caisse en bois ou s'il a d'autres exigences particuli\u00e8res, nous pouvons n\u00e9gocier et d\u00e9terminer, la satisfaction des besoins du client est notre plus grand objectif.<\/p>\t\t\t\t\t\t\t\t<\/div>\n\t\t\t\t<\/div>\n\t\t\t\t\t<\/div>\n\t\t\t\t<\/div>\n\t\t<div class=\"elementor-element elementor-element-1011ff9f e-flex e-con-boxed e-con e-parent\" data-id=\"1011ff9f\" data-element_type=\"container\">\n\t\t\t\t\t<div class=\"e-con-inner\">\n\t\t<div class=\"elementor-element elementor-element-501a3289 e-con-full e-flex e-con e-child\" data-id=\"501a3289\" data-element_type=\"container\">\n\t\t\t\t<div class=\"elementor-element elementor-element-57643be0 elementor-widget elementor-widget-heading\" data-id=\"57643be0\" data-element_type=\"widget\" data-widget_type=\"heading.default\">\n\t\t\t\t<div class=\"elementor-widget-container\">\n\t\t\t\t\t<h2 class=\"elementor-heading-title elementor-size-default\">Service de personnalisation de CHUNMU\n<\/h2>\t\t\t\t<\/div>\n\t\t\t\t<\/div>\n\t\t\t\t<div class=\"elementor-element elementor-element-27c6fee6 elementor-widget elementor-widget-text-editor\" data-id=\"27c6fee6\" data-element_type=\"widget\" data-widget_type=\"text-editor.default\">\n\t\t\t\t<div class=\"elementor-widget-container\">\n\t\t\t\t\t\t\t\t\t<p>At CHUNMU, The snack extruder process starts from the raw material mixer, we provide a fully automatic raw material mixing system and the process of conveying to the extruder for cooking and extrusion, in the twin-screw food extruder the shape is according to the customer&#8217;s market demand and extrusion in the snack food industry.\u00a0<br \/>Puffed food machine uses corn, rice, wheat, oats, barley and other ingredients to make all kinds of snacks.\u00a0<\/p>\t\t\t\t\t\t\t\t<\/div>\n\t\t\t\t<\/div>\n\t\t\t\t<div class=\"elementor-element elementor-element-2667a3ff elementor-widget__width-initial elementor-widget elementor-widget-button\" data-id=\"2667a3ff\" data-element_type=\"widget\" data-widget_type=\"button.default\">\n\t\t\t\t<div class=\"elementor-widget-container\">\n\t\t\t\t\t\t\t\t\t<div class=\"elementor-button-wrapper\">\n\t\t\t\t\t<a class=\"elementor-button elementor-button-link elementor-size-sm\" href=\"#elementor-action:action=popup:open&settings=eyJpZCI6IjI0NyIsInRvZ2dsZSI6ZmFsc2V9\">\n\t\t\t\t\t\t<span class=\"elementor-button-content-wrapper\">\n\t\t\t\t\t\t\t\t\t<span class=\"elementor-button-text\">Envoyez une demande maintenant<\/span>\n\t\t\t\t\t<\/span>\n\t\t\t\t\t<\/a>\n\t\t\t\t<\/div>\n\t\t\t\t\t\t\t\t<\/div>\n\t\t\t\t<\/div>\n\t\t\t\t<\/div>\n\t\t<div class=\"elementor-element elementor-element-f2dc299 e-con-full e-flex e-con e-child\" data-id=\"f2dc299\" data-element_type=\"container\">\n\t\t\t\t<div class=\"elementor-element elementor-element-756ee5e3 elementor-widget elementor-widget-image\" data-id=\"756ee5e3\" data-element_type=\"widget\" data-widget_type=\"image.default\">\n\t\t\t\t<div class=\"elementor-widget-container\">\n\t\t\t\t\t\t\t\t\t\t\t\t\t\t\t<img decoding=\"async\" width=\"709\" height=\"614\" src=\"https:\/\/chunmu.cc\/wp-content\/smush-webp\/2025\/11\/ScreenShot_2025-11-13_154201_770.png.webp\" class=\"attachment-large size-large wp-image-1044\" alt=\"A propos de l&#039;exp\u00e9dition - machine d&#039;extrusion de produits alimentaires souffl\u00e9s\" srcset=\"https:\/\/chunmu.cc\/wp-content\/smush-webp\/2025\/11\/ScreenShot_2025-11-13_154201_770.png.webp 709w, https:\/\/chunmu.cc\/wp-content\/smush-webp\/2025\/11\/ScreenShot_2025-11-13_154201_770-300x260.png.webp 300w, https:\/\/chunmu.cc\/wp-content\/smush-webp\/2025\/11\/ScreenShot_2025-11-13_154201_770-14x12.png.webp 14w\" sizes=\"(max-width: 709px) 100vw, 709px\" \/>\t\t\t\t\t\t\t\t\t\t\t\t\t\t\t<\/div>\n\t\t\t\t<\/div>\n\t\t\t\t<\/div>\n\t\t\t\t\t<\/div>\n\t\t\t\t<\/div>\n\t\t<div class=\"elementor-element elementor-element-55a7b6ee e-flex e-con-boxed e-con e-parent\" data-id=\"55a7b6ee\" data-element_type=\"container\" data-settings=\"{&quot;background_background&quot;:&quot;classic&quot;}\">\n\t\t\t\t\t<div class=\"e-con-inner\">\n\t\t<div class=\"elementor-element elementor-element-52be847b e-con-full e-flex e-con e-child\" data-id=\"52be847b\" data-element_type=\"container\">\n\t\t\t\t<div class=\"elementor-element elementor-element-54946c11 elementor-widget elementor-widget-image\" data-id=\"54946c11\" data-element_type=\"widget\" data-widget_type=\"image.default\">\n\t\t\t\t<div class=\"elementor-widget-container\">\n\t\t\t\t\t\t\t\t\t\t\t\t\t\t\t<img decoding=\"async\" width=\"644\" height=\"536\" src=\"https:\/\/chunmu.cc\/wp-content\/smush-webp\/2025\/11\/ScreenShot_2025-11-13_154904_377-1.png.webp\" class=\"attachment-large size-large wp-image-1048\" alt=\"A propos de l&#039;exp\u00e9dition - machine d&#039;extrusion de produits alimentaires souffl\u00e9s\" srcset=\"https:\/\/chunmu.cc\/wp-content\/smush-webp\/2025\/11\/ScreenShot_2025-11-13_154904_377-1.png.webp 644w, https:\/\/chunmu.cc\/wp-content\/smush-webp\/2025\/11\/ScreenShot_2025-11-13_154904_377-1-300x250.png.webp 300w, https:\/\/chunmu.cc\/wp-content\/smush-webp\/2025\/11\/ScreenShot_2025-11-13_154904_377-1-14x12.png.webp 14w\" sizes=\"(max-width: 644px) 100vw, 644px\" \/>\t\t\t\t\t\t\t\t\t\t\t\t\t\t\t<\/div>\n\t\t\t\t<\/div>\n\t\t\t\t<\/div>\n\t\t<div class=\"elementor-element elementor-element-20dd9b95 e-con-full e-flex e-con e-child\" data-id=\"20dd9b95\" data-element_type=\"container\">\n\t\t\t\t<div class=\"elementor-element elementor-element-5ef9a51b elementor-widget elementor-widget-heading\" data-id=\"5ef9a51b\" data-element_type=\"widget\" data-widget_type=\"heading.default\">\n\t\t\t\t<div class=\"elementor-widget-container\">\n\t\t\t\t\t<h2 class=\"elementor-heading-title elementor-size-default\">Service de personnalisation de CHUNMU\n<\/h2>\t\t\t\t<\/div>\n\t\t\t\t<\/div>\n\t\t\t\t<div class=\"elementor-element elementor-element-107f2776 elementor-widget elementor-widget-text-editor\" data-id=\"107f2776\" data-element_type=\"widget\" data-widget_type=\"text-editor.default\">\n\t\t\t\t<div class=\"elementor-widget-container\">\n\t\t\t\t\t\t\t\t\t<p>At CHUNMU, Through the friction between the screw and the barrel, the grains are done in the extruder machine and cut into shape on the cutting machine. The flour extrusion snacks food machinery is cheap and uses rice, corn, sorghum rice, yellow rice, etc. as raw materials, and can add various seasonings.\u00a0<br \/>Corn puff extruder machine for sale can extrude the raw materials into more than 90 times the delicious puffed fruit by using its own heat.<br \/>The puffed products have various shapes, and have self-breaking forming devices, and the puffed corn flower patterns can be produced at the same time.<br \/>The size of the particles extruded by the corn extruder can be adjusted by different heads and blades, ranging from marbles to small sesame seeds. Comes with a die head and a machine operating manual. corn puff machine is an entrepreneurial project with low cost, low investment in corn extruder, quick effect and low risk!<br \/>Loyal snack food extruder machine is a kind of equipment integrating heating, mixing, mixing, crushing, shearing, pressing, forming, puffing, \u00a0and other puff snack extruder processing line.<\/p>\t\t\t\t\t\t\t\t<\/div>\n\t\t\t\t<\/div>\n\t\t\t\t<div class=\"elementor-element elementor-element-5b98ba4b elementor-widget__width-initial elementor-widget elementor-widget-button\" data-id=\"5b98ba4b\" data-element_type=\"widget\" data-widget_type=\"button.default\">\n\t\t\t\t<div class=\"elementor-widget-container\">\n\t\t\t\t\t\t\t\t\t<div class=\"elementor-button-wrapper\">\n\t\t\t\t\t<a class=\"elementor-button elementor-button-link elementor-size-sm\" href=\"#elementor-action:action=popup:open&settings=eyJpZCI6IjI0NyIsInRvZ2dsZSI6ZmFsc2V9\">\n\t\t\t\t\t\t<span class=\"elementor-button-content-wrapper\">\n\t\t\t\t\t\t\t\t\t<span class=\"elementor-button-text\">Envoyez une demande maintenant<\/span>\n\t\t\t\t\t<\/span>\n\t\t\t\t\t<\/a>\n\t\t\t\t<\/div>\n\t\t\t\t\t\t\t\t<\/div>\n\t\t\t\t<\/div>\n\t\t\t\t<\/div>\n\t\t\t\t\t<\/div>\n\t\t\t\t<\/div>\n\t\t<div class=\"elementor-element elementor-element-40370228 e-flex e-con-boxed e-con e-parent\" data-id=\"40370228\" data-element_type=\"container\" data-settings=\"{&quot;background_background&quot;:&quot;classic&quot;}\">\n\t\t\t\t\t<div class=\"e-con-inner\">\n\t\t\t\t<div class=\"elementor-element elementor-element-6fe28fdb elementor-widget elementor-widget-heading\" data-id=\"6fe28fdb\" data-element_type=\"widget\" data-widget_type=\"heading.default\">\n\t\t\t\t<div class=\"elementor-widget-container\">\n\t\t\t\t\t<h2 class=\"elementor-heading-title elementor-size-default\">Caract\u00e9ristiques principales de la ligne de production de snacks de haute qualit\u00e9 CHUNMU\n\n<\/h2>\t\t\t\t<\/div>\n\t\t\t\t<\/div>\n\t\t<div class=\"elementor-element elementor-element-56916237 e-con-full e-flex e-con e-child\" data-id=\"56916237\" data-element_type=\"container\">\n\t\t\t\t<div class=\"elementor-element elementor-element-b2eca6d imagehover elementor-position-top elementor-widget elementor-widget-image-box\" data-id=\"b2eca6d\" data-element_type=\"widget\" data-widget_type=\"image-box.default\">\n\t\t\t\t<div class=\"elementor-widget-container\">\n\t\t\t\t\t<div class=\"elementor-image-box-wrapper\"><figure class=\"elementor-image-box-img\"><img loading=\"lazy\" decoding=\"async\" width=\"805\" height=\"708\" src=\"https:\/\/chunmu.cc\/wp-content\/smush-webp\/2025\/11\/wechat_2025-08-25_115050_061.png.webp\" class=\"elementor-animation-grow attachment-full size-full wp-image-1042\" alt=\"A propos de l&#039;exp\u00e9dition - machine d&#039;extrusion de produits alimentaires souffl\u00e9s\" srcset=\"https:\/\/chunmu.cc\/wp-content\/smush-webp\/2025\/11\/wechat_2025-08-25_115050_061.png.webp 805w, https:\/\/chunmu.cc\/wp-content\/smush-webp\/2025\/11\/wechat_2025-08-25_115050_061-300x264.png.webp 300w, https:\/\/chunmu.cc\/wp-content\/smush-webp\/2025\/11\/wechat_2025-08-25_115050_061-768x675.png.webp 768w, https:\/\/chunmu.cc\/wp-content\/smush-webp\/2025\/11\/wechat_2025-08-25_115050_061-14x12.png.webp 14w\" sizes=\"(max-width: 805px) 100vw, 805px\" \/><\/figure><div class=\"elementor-image-box-content\"><h3 class=\"elementor-image-box-title\">M\u00e9langeur<\/h3><\/div><\/div>\t\t\t\t<\/div>\n\t\t\t\t<\/div>\n\t\t\t\t<div class=\"elementor-element elementor-element-d54e206 imagehover elementor-position-top elementor-widget elementor-widget-image-box\" data-id=\"d54e206\" data-element_type=\"widget\" data-widget_type=\"image-box.default\">\n\t\t\t\t<div class=\"elementor-widget-container\">\n\t\t\t\t\t<div class=\"elementor-image-box-wrapper\"><figure class=\"elementor-image-box-img\"><img loading=\"lazy\" decoding=\"async\" width=\"709\" height=\"614\" src=\"https:\/\/chunmu.cc\/wp-content\/smush-webp\/2025\/11\/ScreenShot_2025-11-13_154201_770.png.webp\" class=\"elementor-animation-grow attachment-full size-full wp-image-1044\" alt=\"A propos de l&#039;exp\u00e9dition - machine d&#039;extrusion de produits alimentaires souffl\u00e9s\" srcset=\"https:\/\/chunmu.cc\/wp-content\/smush-webp\/2025\/11\/ScreenShot_2025-11-13_154201_770.png.webp 709w, https:\/\/chunmu.cc\/wp-content\/smush-webp\/2025\/11\/ScreenShot_2025-11-13_154201_770-300x260.png.webp 300w, https:\/\/chunmu.cc\/wp-content\/smush-webp\/2025\/11\/ScreenShot_2025-11-13_154201_770-14x12.png.webp 14w\" sizes=\"(max-width: 709px) 100vw, 709px\" \/><\/figure><div class=\"elementor-image-box-content\"><h3 class=\"elementor-image-box-title\">Extrudeuse \u00e0 double vis<\/h3><\/div><\/div>\t\t\t\t<\/div>\n\t\t\t\t<\/div>\n\t\t\t\t<\/div>\n\t\t<div class=\"elementor-element elementor-element-f47fb2a e-con-full e-flex e-con e-child\" data-id=\"f47fb2a\" data-element_type=\"container\">\n\t\t\t\t<div class=\"elementor-element elementor-element-29f1b53 imagehover elementor-position-top elementor-widget elementor-widget-image-box\" data-id=\"29f1b53\" data-element_type=\"widget\" data-widget_type=\"image-box.default\">\n\t\t\t\t<div class=\"elementor-widget-container\">\n\t\t\t\t\t<div class=\"elementor-image-box-wrapper\"><figure class=\"elementor-image-box-img\"><img loading=\"lazy\" decoding=\"async\" width=\"672\" height=\"599\" src=\"https:\/\/chunmu.cc\/wp-content\/smush-webp\/2025\/11\/ScreenShot_2025-11-13_154725_077.png.webp\" class=\"elementor-animation-grow attachment-full size-full wp-image-1046\" alt=\"A propos de l&#039;exp\u00e9dition - machine d&#039;extrusion de produits alimentaires souffl\u00e9s\" srcset=\"https:\/\/chunmu.cc\/wp-content\/smush-webp\/2025\/11\/ScreenShot_2025-11-13_154725_077.png.webp 672w, https:\/\/chunmu.cc\/wp-content\/smush-webp\/2025\/11\/ScreenShot_2025-11-13_154725_077-300x267.png.webp 300w, https:\/\/chunmu.cc\/wp-content\/smush-webp\/2025\/11\/ScreenShot_2025-11-13_154725_077-13x12.png.webp 13w\" sizes=\"(max-width: 672px) 100vw, 672px\" \/><\/figure><div class=\"elementor-image-box-content\"><h3 class=\"elementor-image-box-title\">Four<\/h3><\/div><\/div>\t\t\t\t<\/div>\n\t\t\t\t<\/div>\n\t\t\t\t<div class=\"elementor-element elementor-element-a8bd8ee imagehover elementor-position-top elementor-widget elementor-widget-image-box\" data-id=\"a8bd8ee\" data-element_type=\"widget\" data-widget_type=\"image-box.default\">\n\t\t\t\t<div class=\"elementor-widget-container\">\n\t\t\t\t\t<div class=\"elementor-image-box-wrapper\"><figure class=\"elementor-image-box-img\"><img loading=\"lazy\" decoding=\"async\" width=\"644\" height=\"536\" src=\"https:\/\/chunmu.cc\/wp-content\/smush-webp\/2025\/11\/ScreenShot_2025-11-13_154904_377-1.png.webp\" class=\"elementor-animation-grow attachment-full size-full wp-image-1048\" alt=\"A propos de l&#039;exp\u00e9dition - machine d&#039;extrusion de produits alimentaires souffl\u00e9s\" srcset=\"https:\/\/chunmu.cc\/wp-content\/smush-webp\/2025\/11\/ScreenShot_2025-11-13_154904_377-1.png.webp 644w, https:\/\/chunmu.cc\/wp-content\/smush-webp\/2025\/11\/ScreenShot_2025-11-13_154904_377-1-300x250.png.webp 300w, https:\/\/chunmu.cc\/wp-content\/smush-webp\/2025\/11\/ScreenShot_2025-11-13_154904_377-1-14x12.png.webp 14w\" sizes=\"(max-width: 644px) 100vw, 644px\" \/><\/figure><div class=\"elementor-image-box-content\"><h3 class=\"elementor-image-box-title\">Machine \u00e0 assaisonner<\/h3><\/div><\/div>\t\t\t\t<\/div>\n\t\t\t\t<\/div>\n\t\t\t\t<\/div>\n\t\t\t\t\t<\/div>\n\t\t\t\t<\/div>\n\t\t\t\t<\/div>","protected":false},"excerpt":{"rendered":"<p>How We Ship Our Production Line At CHUNMU, If the customer does not indicate the need for wooden crate packaging, we will use plastic film for packaging and secure it with pallets. If the customer requires wooden crate packaging or has other special requirements, we can negotiate and determine,Meeting customer needs is our greatest pursuit [&hellip;]<\/p>","protected":false},"author":1,"featured_media":0,"parent":0,"menu_order":0,"comment_status":"closed","ping_status":"closed","template":"elementor_header_footer","meta":{"footnotes":""},"class_list":["post-814","page","type-page","status-publish","hentry"],"acf":[],"_hostinger_reach_plugin_has_subscription_block":false,"_hostinger_reach_plugin_is_elementor":false,"_links":{"self":[{"href":"https:\/\/chunmu.cc\/fr\/wp-json\/wp\/v2\/pages\/814","targetHints":{"allow":["GET"]}}],"collection":[{"href":"https:\/\/chunmu.cc\/fr\/wp-json\/wp\/v2\/pages"}],"about":[{"href":"https:\/\/chunmu.cc\/fr\/wp-json\/wp\/v2\/types\/page"}],"author":[{"embeddable":true,"href":"https:\/\/chunmu.cc\/fr\/wp-json\/wp\/v2\/users\/1"}],"replies":[{"embeddable":true,"href":"https:\/\/chunmu.cc\/fr\/wp-json\/wp\/v2\/comments?post=814"}],"version-history":[{"count":0,"href":"https:\/\/chunmu.cc\/fr\/wp-json\/wp\/v2\/pages\/814\/revisions"}],"wp:attachment":[{"href":"https:\/\/chunmu.cc\/fr\/wp-json\/wp\/v2\/media?parent=814"}],"curies":[{"name":"wp","href":"https:\/\/api.w.org\/{rel}","templated":true}]}}