{"id":819,"date":"2025-10-31T17:11:28","date_gmt":"2025-10-31T09:11:28","guid":{"rendered":"https:\/\/chunmu.cc\/?page_id=819"},"modified":"2025-12-27T10:49:39","modified_gmt":"2025-12-27T02:49:39","slug":"machine-packaging","status":"publish","type":"page","link":"https:\/\/chunmu.cc\/es\/support\/envasado-a-maquina\/","title":{"rendered":"empacado de m\u00e1quinas"},"content":{"rendered":"<div data-elementor-type=\"wp-page\" data-elementor-id=\"819\" class=\"elementor elementor-819\" data-elementor-post-type=\"page\">\n\t\t\t\t<div class=\"elementor-element elementor-element-871e5a6 e-flex e-con-boxed e-con e-parent\" data-id=\"871e5a6\" data-element_type=\"container\" data-settings=\"{&quot;background_background&quot;:&quot;classic&quot;}\">\n\t\t\t\t\t<div class=\"e-con-inner\">\n\t\t\t\t<div class=\"elementor-element elementor-element-2c3a9a3c elementor-widget__width-initial elementor-widget elementor-widget-heading\" data-id=\"2c3a9a3c\" data-element_type=\"widget\" data-widget_type=\"heading.default\">\n\t\t\t\t<div class=\"elementor-widget-container\">\n\t\t\t\t\t<h1 class=\"elementor-heading-title elementor-size-default\">L\u00ednea de producci\u00f3n de aperitivos Perforaci\u00f3n\n<\/h1>\t\t\t\t<\/div>\n\t\t\t\t<\/div>\n\t\t\t\t<div class=\"elementor-element elementor-element-1f5ced34 elementor-widget__width-initial elementor-widget elementor-widget-text-editor\" data-id=\"1f5ced34\" data-element_type=\"widget\" data-widget_type=\"text-editor.default\">\n\t\t\t\t<div class=\"elementor-widget-container\">\n\t\t\t\t\t\t\t\t\t<p>CHUNMU is a professional machinery manufacturer of extrusion machinery, microwave sterilization drying equipment and feed production line. Shandong Huake Machinery technology Co., Ltd. integrates science, industry and trade, and is committed to the development, research and production of extruded food, feed equipment and microwave equipment.<\/p>\t\t\t\t\t\t\t\t<\/div>\n\t\t\t\t<\/div>\n\t\t\t\t<div class=\"elementor-element elementor-element-55544ead elementor-widget__width-initial elementor-widget elementor-widget-button\" data-id=\"55544ead\" data-element_type=\"widget\" data-widget_type=\"button.default\">\n\t\t\t\t<div class=\"elementor-widget-container\">\n\t\t\t\t\t\t\t\t\t<div class=\"elementor-button-wrapper\">\n\t\t\t\t\t<a class=\"elementor-button elementor-button-link elementor-size-sm\" href=\"#elementor-action:action=popup:open&settings=eyJpZCI6IjI0NyIsInRvZ2dsZSI6ZmFsc2V9\">\n\t\t\t\t\t\t<span class=\"elementor-button-content-wrapper\">\n\t\t\t\t\t\t\t\t\t<span class=\"elementor-button-text\">Solicite nuestro \u00faltimo precio<\/span>\n\t\t\t\t\t<\/span>\n\t\t\t\t\t<\/a>\n\t\t\t\t<\/div>\n\t\t\t\t\t\t\t\t<\/div>\n\t\t\t\t<\/div>\n\t\t\t\t\t<\/div>\n\t\t\t\t<\/div>\n\t\t<div class=\"elementor-element elementor-element-39e0a007 e-flex e-con-boxed e-con e-parent\" data-id=\"39e0a007\" data-element_type=\"container\">\n\t\t\t\t\t<div class=\"e-con-inner\">\n\t\t\t\t<div class=\"elementor-element elementor-element-7c50b3e1 elementor-widget elementor-widget-text-editor\" data-id=\"7c50b3e1\" data-element_type=\"widget\" data-widget_type=\"text-editor.default\">\n\t\t\t\t<div class=\"elementor-widget-container\">\n\t\t\t\t\t\t\t\t\t<p>At CHUNMU, \u00a0Our company&#8217;s main products include: puffed snack food machinery, pet feed machinery, breakfast cereal production line, organizational silk fibroin production line, instant rice nutrition rice production line, corn flake production line, millet strip production line, bread bran production line, pasta production line, pre gelatinized starch production line, fish bait and shrimp bait production line, microwave sterilization and drying equipment, etc. We have developed kinds of extrusion machinery, equipment and technology, and have become an important professional manufacturer at home and abroad.<\/p>\t\t\t\t\t\t\t\t<\/div>\n\t\t\t\t<\/div>\n\t\t\t\t<div class=\"elementor-element elementor-element-38dae452 elementor-widget elementor-widget-video\" data-id=\"38dae452\" data-element_type=\"widget\" data-settings=\"{&quot;youtube_url&quot;:&quot;https:\\\/\\\/www.youtube.com\\\/watch?v=W99_LqYjjCo&quot;,&quot;video_type&quot;:&quot;youtube&quot;,&quot;controls&quot;:&quot;yes&quot;}\" data-widget_type=\"video.default\">\n\t\t\t\t<div class=\"elementor-widget-container\">\n\t\t\t\t\t\t\t<div class=\"elementor-wrapper elementor-open-inline\">\n\t\t\t<div class=\"elementor-video\"><\/div>\t\t<\/div>\n\t\t\t\t\t\t<\/div>\n\t\t\t\t<\/div>\n\t\t\t\t<div class=\"elementor-element elementor-element-8596497 gallery-spacing-custom elementor-widget elementor-widget-image-gallery\" data-id=\"8596497\" data-element_type=\"widget\" data-widget_type=\"image-gallery.default\">\n\t\t\t\t<div class=\"elementor-widget-container\">\n\t\t\t\t\t\t\t<div class=\"elementor-image-gallery\">\n\t\t\t<div id='gallery-1' class='gallery galleryid-819 gallery-columns-4 gallery-size-full'><figure class='gallery-item'>\n\t\t\t<div class='gallery-icon landscape'>\n\t\t\t\t<a data-elementor-open-lightbox=\"yes\" data-elementor-lightbox-slideshow=\"8596497\" data-elementor-lightbox-title=\"Laser-cutting-5\" data-e-action-hash=\"#elementor-action%3Aaction%3Dlightbox%26settings%3DeyJpZCI6Nzk0LCJ1cmwiOiJodHRwczpcL1wvY2h1bm11LmNjXC93cC1jb250ZW50XC91cGxvYWRzXC8yMDI1XC8xMFwvTGFzZXItY3V0dGluZy01LmpwZyIsInNsaWRlc2hvdyI6Ijg1OTY0OTcifQ%3D%3D\" href='https:\/\/chunmu.cc\/wp-content\/smush-webp\/2025\/10\/Laser-cutting-5.jpg.webp'><img fetchpriority=\"high\" decoding=\"async\" width=\"650\" height=\"441\" src=\"https:\/\/chunmu.cc\/wp-content\/smush-webp\/2025\/10\/Laser-cutting-5.jpg.webp\" class=\"attachment-full size-full\" alt=\"Envasado a m\u00e1quina - m\u00e1quina extrusora de aperitivos inflados\" srcset=\"https:\/\/chunmu.cc\/wp-content\/smush-webp\/2025\/10\/Laser-cutting-5.jpg.webp 650w, https:\/\/chunmu.cc\/wp-content\/smush-webp\/2025\/10\/Laser-cutting-5-300x204.jpg.webp 300w, https:\/\/chunmu.cc\/wp-content\/uploads\/2025\/10\/Laser-cutting-5-18x12.jpg 18w\" sizes=\"(max-width: 650px) 100vw, 650px\" \/><\/a>\n\t\t\t<\/div><\/figure><figure class='gallery-item'>\n\t\t\t<div class='gallery-icon landscape'>\n\t\t\t\t<a data-elementor-open-lightbox=\"yes\" data-elementor-lightbox-slideshow=\"8596497\" data-elementor-lightbox-title=\"Laser-cutting-4\" data-e-action-hash=\"#elementor-action%3Aaction%3Dlightbox%26settings%3DeyJpZCI6Nzk1LCJ1cmwiOiJodHRwczpcL1wvY2h1bm11LmNjXC93cC1jb250ZW50XC91cGxvYWRzXC8yMDI1XC8xMFwvTGFzZXItY3V0dGluZy00LmpwZyIsInNsaWRlc2hvdyI6Ijg1OTY0OTcifQ%3D%3D\" href='https:\/\/chunmu.cc\/wp-content\/smush-webp\/2025\/10\/Laser-cutting-4.jpg.webp'><img decoding=\"async\" width=\"650\" height=\"441\" src=\"https:\/\/chunmu.cc\/wp-content\/smush-webp\/2025\/10\/Laser-cutting-4.jpg.webp\" class=\"attachment-full size-full\" alt=\"Envasado a m\u00e1quina - m\u00e1quina extrusora de aperitivos inflados\" srcset=\"https:\/\/chunmu.cc\/wp-content\/smush-webp\/2025\/10\/Laser-cutting-4.jpg.webp 650w, https:\/\/chunmu.cc\/wp-content\/smush-webp\/2025\/10\/Laser-cutting-4-300x204.jpg.webp 300w, https:\/\/chunmu.cc\/wp-content\/uploads\/2025\/10\/Laser-cutting-4-18x12.jpg 18w\" sizes=\"(max-width: 650px) 100vw, 650px\" \/><\/a>\n\t\t\t<\/div><\/figure><figure class='gallery-item'>\n\t\t\t<div class='gallery-icon landscape'>\n\t\t\t\t<a data-elementor-open-lightbox=\"yes\" data-elementor-lightbox-slideshow=\"8596497\" data-elementor-lightbox-title=\"Laser-cutting-3\" data-e-action-hash=\"#elementor-action%3Aaction%3Dlightbox%26settings%3DeyJpZCI6Nzk2LCJ1cmwiOiJodHRwczpcL1wvY2h1bm11LmNjXC93cC1jb250ZW50XC91cGxvYWRzXC8yMDI1XC8xMFwvTGFzZXItY3V0dGluZy0zLmpwZyIsInNsaWRlc2hvdyI6Ijg1OTY0OTcifQ%3D%3D\" href='https:\/\/chunmu.cc\/wp-content\/smush-webp\/2025\/10\/Laser-cutting-3.jpg.webp'><img decoding=\"async\" width=\"650\" height=\"441\" src=\"https:\/\/chunmu.cc\/wp-content\/smush-webp\/2025\/10\/Laser-cutting-3.jpg.webp\" class=\"attachment-full size-full\" alt=\"Envasado a m\u00e1quina - m\u00e1quina extrusora de aperitivos inflados\" srcset=\"https:\/\/chunmu.cc\/wp-content\/smush-webp\/2025\/10\/Laser-cutting-3.jpg.webp 650w, https:\/\/chunmu.cc\/wp-content\/smush-webp\/2025\/10\/Laser-cutting-3-300x204.jpg.webp 300w, https:\/\/chunmu.cc\/wp-content\/uploads\/2025\/10\/Laser-cutting-3-18x12.jpg 18w\" sizes=\"(max-width: 650px) 100vw, 650px\" \/><\/a>\n\t\t\t<\/div><\/figure><figure class='gallery-item'>\n\t\t\t<div class='gallery-icon landscape'>\n\t\t\t\t<a data-elementor-open-lightbox=\"yes\" data-elementor-lightbox-slideshow=\"8596497\" data-elementor-lightbox-title=\"Laser-cutting-1\" data-e-action-hash=\"#elementor-action%3Aaction%3Dlightbox%26settings%3DeyJpZCI6Nzk3LCJ1cmwiOiJodHRwczpcL1wvY2h1bm11LmNjXC93cC1jb250ZW50XC91cGxvYWRzXC8yMDI1XC8xMFwvTGFzZXItY3V0dGluZy0xLmpwZyIsInNsaWRlc2hvdyI6Ijg1OTY0OTcifQ%3D%3D\" href='https:\/\/chunmu.cc\/wp-content\/smush-webp\/2025\/10\/Laser-cutting-1.jpg.webp'><img loading=\"lazy\" decoding=\"async\" width=\"650\" height=\"441\" src=\"https:\/\/chunmu.cc\/wp-content\/smush-webp\/2025\/10\/Laser-cutting-1.jpg.webp\" class=\"attachment-full size-full\" alt=\"Envasado a m\u00e1quina - m\u00e1quina extrusora de aperitivos inflados\" srcset=\"https:\/\/chunmu.cc\/wp-content\/smush-webp\/2025\/10\/Laser-cutting-1.jpg.webp 650w, https:\/\/chunmu.cc\/wp-content\/smush-webp\/2025\/10\/Laser-cutting-1-300x204.jpg.webp 300w, https:\/\/chunmu.cc\/wp-content\/uploads\/2025\/10\/Laser-cutting-1-18x12.jpg 18w\" sizes=\"(max-width: 650px) 100vw, 650px\" \/><\/a>\n\t\t\t<\/div><\/figure><figure class='gallery-item'>\n\t\t\t<div class='gallery-icon landscape'>\n\t\t\t\t<a data-elementor-open-lightbox=\"yes\" data-elementor-lightbox-slideshow=\"8596497\" data-elementor-lightbox-title=\"Laser-cutting-5\" data-e-action-hash=\"#elementor-action%3Aaction%3Dlightbox%26settings%3DeyJpZCI6Nzk4LCJ1cmwiOiJodHRwczpcL1wvY2h1bm11LmNjXC93cC1jb250ZW50XC91cGxvYWRzXC8yMDI1XC8xMFwvTGFzZXItY3V0dGluZy01LTEuanBnIiwic2xpZGVzaG93IjoiODU5NjQ5NyJ9\" href='https:\/\/chunmu.cc\/wp-content\/smush-webp\/2025\/10\/Laser-cutting-5-1.jpg.webp'><img loading=\"lazy\" decoding=\"async\" width=\"650\" height=\"441\" src=\"https:\/\/chunmu.cc\/wp-content\/smush-webp\/2025\/10\/Laser-cutting-5-1.jpg.webp\" class=\"attachment-full size-full\" alt=\"Envasado a m\u00e1quina - m\u00e1quina extrusora de aperitivos inflados\" srcset=\"https:\/\/chunmu.cc\/wp-content\/smush-webp\/2025\/10\/Laser-cutting-5-1.jpg.webp 650w, https:\/\/chunmu.cc\/wp-content\/smush-webp\/2025\/10\/Laser-cutting-5-1-300x204.jpg.webp 300w, https:\/\/chunmu.cc\/wp-content\/uploads\/2025\/10\/Laser-cutting-5-1-18x12.jpg 18w\" sizes=\"(max-width: 650px) 100vw, 650px\" \/><\/a>\n\t\t\t<\/div><\/figure><figure class='gallery-item'>\n\t\t\t<div class='gallery-icon landscape'>\n\t\t\t\t<a data-elementor-open-lightbox=\"yes\" data-elementor-lightbox-slideshow=\"8596497\" data-elementor-lightbox-title=\"Laser-cutting-4\" data-e-action-hash=\"#elementor-action%3Aaction%3Dlightbox%26settings%3DeyJpZCI6Nzk5LCJ1cmwiOiJodHRwczpcL1wvY2h1bm11LmNjXC93cC1jb250ZW50XC91cGxvYWRzXC8yMDI1XC8xMFwvTGFzZXItY3V0dGluZy00LTEuanBnIiwic2xpZGVzaG93IjoiODU5NjQ5NyJ9\" href='https:\/\/chunmu.cc\/wp-content\/smush-webp\/2025\/10\/Laser-cutting-4-1.jpg.webp'><img loading=\"lazy\" decoding=\"async\" width=\"650\" height=\"441\" src=\"https:\/\/chunmu.cc\/wp-content\/smush-webp\/2025\/10\/Laser-cutting-4-1.jpg.webp\" class=\"attachment-full size-full\" alt=\"Envasado a m\u00e1quina - m\u00e1quina extrusora de aperitivos inflados\" srcset=\"https:\/\/chunmu.cc\/wp-content\/smush-webp\/2025\/10\/Laser-cutting-4-1.jpg.webp 650w, https:\/\/chunmu.cc\/wp-content\/smush-webp\/2025\/10\/Laser-cutting-4-1-300x204.jpg.webp 300w, https:\/\/chunmu.cc\/wp-content\/uploads\/2025\/10\/Laser-cutting-4-1-18x12.jpg 18w\" sizes=\"(max-width: 650px) 100vw, 650px\" \/><\/a>\n\t\t\t<\/div><\/figure><figure class='gallery-item'>\n\t\t\t<div class='gallery-icon landscape'>\n\t\t\t\t<a data-elementor-open-lightbox=\"yes\" data-elementor-lightbox-slideshow=\"8596497\" data-elementor-lightbox-title=\"Laser-cutting-3\" data-e-action-hash=\"#elementor-action%3Aaction%3Dlightbox%26settings%3DeyJpZCI6ODAwLCJ1cmwiOiJodHRwczpcL1wvY2h1bm11LmNjXC93cC1jb250ZW50XC91cGxvYWRzXC8yMDI1XC8xMFwvTGFzZXItY3V0dGluZy0zLTEuanBnIiwic2xpZGVzaG93IjoiODU5NjQ5NyJ9\" href='https:\/\/chunmu.cc\/wp-content\/smush-webp\/2025\/10\/Laser-cutting-3-1.jpg.webp'><img loading=\"lazy\" decoding=\"async\" width=\"650\" height=\"441\" src=\"https:\/\/chunmu.cc\/wp-content\/smush-webp\/2025\/10\/Laser-cutting-3-1.jpg.webp\" class=\"attachment-full size-full\" alt=\"Envasado a m\u00e1quina - m\u00e1quina extrusora de aperitivos inflados\" srcset=\"https:\/\/chunmu.cc\/wp-content\/smush-webp\/2025\/10\/Laser-cutting-3-1.jpg.webp 650w, https:\/\/chunmu.cc\/wp-content\/smush-webp\/2025\/10\/Laser-cutting-3-1-300x204.jpg.webp 300w, https:\/\/chunmu.cc\/wp-content\/uploads\/2025\/10\/Laser-cutting-3-1-18x12.jpg 18w\" sizes=\"(max-width: 650px) 100vw, 650px\" \/><\/a>\n\t\t\t<\/div><\/figure>\n\t\t<\/div>\n\t\t<\/div>\n\t\t\t\t\t\t<\/div>\n\t\t\t\t<\/div>\n\t\t\t\t\t<\/div>\n\t\t\t\t<\/div>\n\t\t\t\t<\/div>","protected":false},"excerpt":{"rendered":"<p>Snack Food Production Line Punching CHUNMU is a professional machinery manufacturer of extrusion machinery, microwave sterilization drying equipment and feed production line. Shandong Huake Machinery technology Co., Ltd. integrates science, industry and trade, and is committed to the development, research and production of extruded food, feed equipment and microwave equipment. Request Our Latest Price At [&hellip;]<\/p>","protected":false},"author":1,"featured_media":0,"parent":802,"menu_order":0,"comment_status":"closed","ping_status":"closed","template":"elementor_header_footer","meta":{"footnotes":""},"class_list":["post-819","page","type-page","status-publish","hentry"],"acf":[],"_hostinger_reach_plugin_has_subscription_block":false,"_hostinger_reach_plugin_is_elementor":false,"_links":{"self":[{"href":"https:\/\/chunmu.cc\/es\/wp-json\/wp\/v2\/pages\/819","targetHints":{"allow":["GET"]}}],"collection":[{"href":"https:\/\/chunmu.cc\/es\/wp-json\/wp\/v2\/pages"}],"about":[{"href":"https:\/\/chunmu.cc\/es\/wp-json\/wp\/v2\/types\/page"}],"author":[{"embeddable":true,"href":"https:\/\/chunmu.cc\/es\/wp-json\/wp\/v2\/users\/1"}],"replies":[{"embeddable":true,"href":"https:\/\/chunmu.cc\/es\/wp-json\/wp\/v2\/comments?post=819"}],"version-history":[{"count":0,"href":"https:\/\/chunmu.cc\/es\/wp-json\/wp\/v2\/pages\/819\/revisions"}],"up":[{"embeddable":true,"href":"https:\/\/chunmu.cc\/es\/wp-json\/wp\/v2\/pages\/802"}],"wp:attachment":[{"href":"https:\/\/chunmu.cc\/es\/wp-json\/wp\/v2\/media?parent=819"}],"curies":[{"name":"wp","href":"https:\/\/api.w.org\/{rel}","templated":true}]}}